{"id":119975,"date":"2023-10-25T19:21:00","date_gmt":"2023-10-25T17:21:00","guid":{"rendered":"https:\/\/www.conceriaondaverde.it\/temps\/"},"modified":"2023-11-13T17:20:05","modified_gmt":"2023-11-13T16:20:05","slug":"temps","status":"publish","type":"page","link":"https:\/\/www.conceriaondaverde.it\/fr\/temps\/","title":{"rendered":"Temps"},"content":{"rendered":"<p>[vc_row unlock_row_content=\u00a0\u00bbyes\u00a0\u00bb row_height_percent=\u00a0\u00bb0&Prime; override_padding=\u00a0\u00bbyes\u00a0\u00bb h_padding=\u00a0\u00bb2&Prime; top_padding=\u00a0\u00bb2&Prime; bottom_padding=\u00a0\u00bb2&Prime; overlay_alpha=\u00a0\u00bb50&Prime; gutter_size=\u00a0\u00bb3&Prime; column_width_percent=\u00a0\u00bb100&Prime; shift_y=\u00a0\u00bb0&Prime; z_index=\u00a0\u00bb0&Prime; uncode_shortcode_id=\u00a0\u00bb612447&Prime;][vc_column width=\u00a0\u00bb1\/1&Prime;][vc_single_image media=\u00a0\u00bb118179&Prime; media_width_percent=\u00a0\u00bb100&Prime; alignment=\u00a0\u00bbcenter\u00a0\u00bb uncode_shortcode_id=\u00a0\u00bb204579&Prime;][\/vc_column][\/vc_row][vc_row][vc_column column_width_percent=\u00a0\u00bb100&Prime; align_horizontal=\u00a0\u00bbalign_center\u00a0\u00bb gutter_size=\u00a0\u00bb3&Prime; overlay_alpha=\u00a0\u00bb50&Prime; shift_x=\u00a0\u00bb0&Prime; shift_y=\u00a0\u00bb0&Prime; shift_y_down=\u00a0\u00bb0&Prime; z_index=\u00a0\u00bb0&Prime; medium_width=\u00a0\u00bb0&Prime; mobile_width=\u00a0\u00bb0&Prime; width=\u00a0\u00bb1\/1&Prime; uncode_shortcode_id=\u00a0\u00bb142831&Prime;][vc_custom_heading uncode_shortcode_id=\u00a0\u00bb204826&Prime;]TEMPS[\/vc_custom_heading][vc_column_text uncode_shortcode_id=\u00a0\u00bb133371&Prime;]Le temps est le facteur qui caract\u00e9rise le processus de fa\u00e7onnage de la peau.<br \/>\nIl faut minimum 4 semaines pour ex\u00e9cuter toutes les phases de fa\u00e7onnage, y compris une semaine de repos (la deuxi\u00e8me semaine), pour obtenir un cuir fini de haute qualit\u00e9, h\u00e9ritier digne de la plus grande tradition Toscane.<br \/>\n<strong>Depuis toujours, la tannerie Onda Verde respecte le temps n\u00e9cessaire afin de fournir un produit d&rsquo;excellence.<\/strong>[\/vc_column_text][\/vc_column][\/vc_row][vc_row unlock_row_content=\u00a0\u00bbyes\u00a0\u00bb row_height_percent=\u00a0\u00bb0&Prime; override_padding=\u00a0\u00bbyes\u00a0\u00bb h_padding=\u00a0\u00bb2&Prime; top_padding=\u00a0\u00bb2&Prime; bottom_padding=\u00a0\u00bb4&Prime; overlay_alpha=\u00a0\u00bb50&Prime; gutter_size=\u00a0\u00bb6&Prime; column_width_percent=\u00a0\u00bb100&Prime; shift_y=\u00a0\u00bb0&Prime; z_index=\u00a0\u00bb0&Prime; uncode_shortcode_id=\u00a0\u00bb633015&Prime; el_class=\u00a0\u00bbsettimana settimana_1&Prime;][vc_column width=\u00a0\u00bb1\/4&Prime;][uncode_list uncode_shortcode_id=\u00a0\u00bb392342&Prime;]<\/p>\n<h3>PREMIERE SEMAINE<\/h3>\n<ul>\n<li><a href=\"#\" data-gal=\"galleria1\" data-to=\"0\">peau avec poils (brut)<\/a><\/li>\n<li><a href=\"#\" data-gal=\"galleria1\" data-to=\"1\">contr\u00f4le des peaux avec poil (\u00e9pilage)<\/a><\/li>\n<li><a href=\"#\" data-gal=\"galleria1\" data-to=\"2\">reverdissage et pelanage<\/a><\/li>\n<li><a href=\"#\" data-gal=\"galleria1\" data-to=\"3\">\u00e9charnage<\/a><\/li>\n<li><a href=\"#\" data-gal=\"galleria1\" data-to=\"4\">tannage wet blue<\/a><\/li>\n<\/ul>\n<p>[\/uncode_list][vc_column_text uncode_shortcode_id=\u00a0\u00bb107087&Prime;]<\/p>\n<div class=\"descrizione descrizione1\">Epilage ou pelanage: le pelanage a pour but d&rsquo;\u00e9liminer les poils sur l&rsquo;\u00e9piderme par proc\u00e9d\u00e9 chimique, en utilisant de la chaux, facteur tr\u00e8s important au cours de cette phase. La peau prend \u00e9galement le nom de \u201fpeau en tripe\u201d.<\/div>\n<div class=\"descrizione descrizione2\">Reverdissage: il r\u00e9hydrate la peau apr\u00e8s sa conservation dans le sel.<br \/>\nD\u00e9chaulage, Mac\u00e9ration et Piklage: les peaux en \u201ftripe\u201d retournent en cuve pour un cycle pour la pr\u00e9paration au tannage. La chaux sera \u00e9limin\u00e9e et la mac\u00e9ration servira \u00e0 ouvrir les fibres que la chaux n&rsquo;a pas pu ouvrir lors de la phase du tannage.<br \/>\nPar le Piklage, la mac\u00e9ration est bloqu\u00e9e et la peau est pr\u00eatre pour le tannage.<\/div>\n<div class=\"descrizione descrizione3\">Echarnage: l&rsquo;\u00e9charnage est une op\u00e9ration m\u00e9canique visant \u00e0 l&rsquo;\u00e9limination du tissu sous-cutan\u00e9 adh\u00e9rant sur la couche de chair r\u00e9siduelle \u201ffragments d&rsquo;\u00e9charnage\u201d.<\/div>\n<div class=\"descrizione descrizione4\">Tannage: il s&rsquo;agit de la transformation de la peau en cuir . Celle-ci ne sera plus putrescible; il existe diff\u00e9rents types de tannage. Nous avons adopt\u00e9 le \u201ftannage au chrome\u201d. Il s&rsquo;agit d&rsquo;un traitement par des substances (chimiques et\/ou naturelles) qui se lient \u00e0 \u00e0 la peau de fa\u00e7on chimique et la transforment en produit stable (Wet Blue) sans la priver de ses caract\u00e9ristiques telle que la souplesse, l&rsquo;\u00e9lasticit\u00e9 et la structure fibreuse.<br \/>\nCes phases sont tr\u00e8s d\u00e9licates et elles sont surveill\u00e9es par des op\u00e9rateurs sp\u00e9cialis\u00e9s \u00e0 l&rsquo;aide d&rsquo;outils de laboratoire et de produits r\u00e9actifs chimiques, tels que le thermom\u00e8tre, le Ph, le Baum\u00e9, la ph\u00e9nolphtal\u00e9ine et le Vert de bromocr\u00e9sole.<br \/>\nAu cours de cette premi\u00e8re phase du fa\u00e7onnage, on en utilisera environ 5 litres pour chaque kilogramme de peau brute.<\/div>\n<p>[\/vc_column_text][\/vc_column][vc_column width=\u00a0\u00bb3\/4&Prime;][vc_gallery el_id=\u00a0\u00bbgallery-1&Prime; isotope_mode=\u00a0\u00bbfitRows\u00a0\u00bb medias=\u00a0\u00bb118591,118592,118593,118594,118595,118596&Prime; gutter_size=\u00a0\u00bb3&Prime; media_items=\u00a0\u00bbmedia|lightbox|original\u00a0\u00bb screen_lg=\u00a0\u00bb1000&Prime; screen_md=\u00a0\u00bb600&Prime; screen_sm=\u00a0\u00bb480&Prime; images_size=\u00a0\u00bbsixteen-nine\u00a0\u00bb single_overlay_opacity=\u00a0\u00bb50&Prime; single_padding=\u00a0\u00bb2&Prime; lbox_skin=\u00a0\u00bbwhite\u00a0\u00bb uncode_shortcode_id=\u00a0\u00bb406347&Prime; el_class=\u00a0\u00bbgalleria1&Prime;][\/vc_column][\/vc_row][vc_row unlock_row_content=\u00a0\u00bbyes\u00a0\u00bb row_height_percent=\u00a0\u00bb0&Prime; override_padding=\u00a0\u00bbyes\u00a0\u00bb h_padding=\u00a0\u00bb2&Prime; top_padding=\u00a0\u00bb2&Prime; bottom_padding=\u00a0\u00bb4&Prime; overlay_alpha=\u00a0\u00bb50&Prime; gutter_size=\u00a0\u00bb6&Prime; column_width_percent=\u00a0\u00bb100&Prime; shift_y=\u00a0\u00bb0&Prime; z_index=\u00a0\u00bb0&Prime; uncode_shortcode_id=\u00a0\u00bb992543&Prime; el_class=\u00a0\u00bbsettimana settimana_2&Prime;][vc_column width=\u00a0\u00bb1\/4&Prime;][uncode_list uncode_shortcode_id=\u00a0\u00bb992487&Prime;]<\/p>\n<h3>DEUXIEME SEMAINE<\/h3>\n<ul>\n<li><a href=\"#\" data-gal=\"galleria2\" data-to=\"0\">repos<\/a><\/li>\n<\/ul>\n<p>[\/uncode_list][vc_column_text uncode_shortcode_id=\u00a0\u00bb775048&Prime;]<\/p>\n<div class=\"descrizione descrizione0\">Repos: au cours de ces proc\u00e9d\u00e9s de transformation, la peau a \u00e9t\u00e9 soumise \u00e0 de nombreux produits chimiques qui devront se stabiliser. Une p\u00e9riode de repos d&rsquo;un minimum d&rsquo;une semaine s&rsquo;impose.<\/div>\n<p>[\/vc_column_text][\/vc_column][vc_column width=\u00a0\u00bb3\/4&Prime;][vc_gallery el_id=\u00a0\u00bbgallery-2&Prime; isotope_mode=\u00a0\u00bbfitRows\u00a0\u00bb medias=\u00a0\u00bb118600&Prime; gutter_size=\u00a0\u00bb3&Prime; media_items=\u00a0\u00bbmedia|lightbox|original\u00a0\u00bb screen_lg=\u00a0\u00bb1000&Prime; screen_md=\u00a0\u00bb600&Prime; screen_sm=\u00a0\u00bb480&Prime; images_size=\u00a0\u00bbsixteen-nine\u00a0\u00bb single_overlay_opacity=\u00a0\u00bb50&Prime; single_padding=\u00a0\u00bb2&Prime; lbox_skin=\u00a0\u00bbwhite\u00a0\u00bb uncode_shortcode_id=\u00a0\u00bb144480&Prime; el_class=\u00a0\u00bbgalleria2&Prime;][\/vc_column][\/vc_row][vc_row unlock_row_content=\u00a0\u00bbyes\u00a0\u00bb row_height_percent=\u00a0\u00bb0&Prime; override_padding=\u00a0\u00bbyes\u00a0\u00bb h_padding=\u00a0\u00bb2&Prime; top_padding=\u00a0\u00bb2&Prime; bottom_padding=\u00a0\u00bb4&Prime; overlay_alpha=\u00a0\u00bb50&Prime; gutter_size=\u00a0\u00bb6&Prime; column_width_percent=\u00a0\u00bb100&Prime; shift_y=\u00a0\u00bb0&Prime; z_index=\u00a0\u00bb0&Prime; uncode_shortcode_id=\u00a0\u00bb119862&Prime; el_class=\u00a0\u00bbsettimana settimana_3&Prime;][vc_column width=\u00a0\u00bb1\/4&Prime;][uncode_list uncode_shortcode_id=\u00a0\u00bb496625&Prime;]<\/p>\n<h3>TROISIEME SEMAINE<\/h3>\n<ul>\n<li><a href=\"#\" data-gal=\"galleria3\" data-to=\"0\">pressage &#8211; s\u00e9lection<\/a><\/li>\n<li><a href=\"#\" data-gal=\"galleria3\" data-to=\"1\">refendage<\/a><\/li>\n<li><a href=\"#\" data-gal=\"galleria3\" data-to=\"2\">lissage<\/a><\/li>\n<li><a href=\"#\" data-gal=\"galleria3\" data-to=\"3\">retannage\/teinture<\/a><\/li>\n<li><a href=\"#\" data-gal=\"galleria3\" data-to=\"5\">mise au vent<\/a><\/li>\n<li><a href=\"#\" data-gal=\"galleria3\" data-to=\"6\">sous-vide<\/a><\/li>\n<li><a href=\"#\" data-gal=\"galleria3\" data-to=\"7\">s\u00e8chage<\/a><\/li>\n<li><a href=\"#\" data-gal=\"galleria3\" data-to=\"9\">conditionnement<\/a><\/li>\n<li><a href=\"#\" data-gal=\"galleria3\" data-to=\"10\">palissonage<\/a><\/li>\n<\/ul>\n<p>[\/uncode_list][vc_column_text uncode_shortcode_id=\u00a0\u00bb178335&Prime;]<\/p>\n<div class=\"descrizione descrizione0\">Pressage: le pressage essore la peau pour retirer l&rsquo;eau contenue dans la peau et pour la pr\u00e9parer \u00e0 la s\u00e9lection.<br \/>\nS\u00e9lection:l&rsquo;op\u00e9rateur exp\u00e9riment\u00e9 s\u00e9lectionne la surface de la peau en triant chaque pi\u00e8ce selon le produit fini \u00e0 r\u00e9aliser.<\/div>\n<div class=\"descrizione descrizione1\">Refendage: cette op\u00e9ration m\u00e9canique est effectu\u00e9 en machine pour s\u00e9parer ou fendre la peau en deux \u00e9paisseurs selon sa surface. On obtient ainsi un feuillet c\u00f4t\u00e9 fleur (la couche sup\u00e9rieure) un feuillet c\u00f4t\u00e9 chair ou cro\u00fbte (la couche inf\u00e9rieure).<br \/>\nGr\u00e2ce \u00e0 un \u201fcalibre d&rsquo;\u00e9paisseur\u201d l&rsquo;\u00e9paisseur de peau est contr\u00f4l\u00e9e en millim\u00e8tres.<\/div>\n<div class=\"descrizione descrizione2\">Lissage: cette op\u00e9ration m\u00e9canique est effectu\u00e9 en machine pour uniformiser l&rsquo;\u00e9paisseur de la peau sur toute sa surface. L&rsquo;\u00e9paisseur de peau est contr\u00f4l\u00e9e par un \u201fcalibre d&rsquo;\u00e9paisseur\u201d en millim\u00e8tres et en dixi\u00e8mes de millim\u00e8tre.<\/div>\n<div class=\"descrizione descrizione3\">Retannage: traitement qui se produit apr\u00e8s le tannage et qui modifie les caract\u00e9ristiques obtenues lors du tannage principal. Il s&rsquo;agit d&rsquo;un traitement sp\u00e9cifique \u00e0 base de mati\u00e8res tannantes pour donner au produit fini un caract\u00e8re bien d\u00e9termin\u00e9.<br \/>\nTeinture: la teinture en cuve colore les deux c\u00f4t\u00e9s de la peau dans la couleur qui ressemble le plus \u00e0 celle qui deviendra la couleur finale. Apr\u00e8s quoi la peau est pos\u00e9e sur chevalet et s\u00e8che pendant un ou deux jours selon le produit fini souhait\u00e9.<br \/>\nAu cours de cette deuxi\u00e8me phase du fa\u00e7onnage, on utilisera environ 5 litres d&rsquo;eau pour chaque kilogramme de peau.<\/div>\n<div class=\"descrizione descrizione5\">Mise au vent: la mise au vent est une op\u00e9ration m\u00e9canique servant \u00e0 \u00e9liminer une bonne partie de l&rsquo;eau que la peau tann\u00e9e a absorb\u00e9. Il s&rsquo;agit d&rsquo;un pressage de la peau. Cette op\u00e9ration est effectu\u00e9e en \u00e9crasant la peau entre deux cylindres. Le cylindre sup\u00e9rieur est lisse et rev\u00eatu d&rsquo;un feutre, l&rsquo;autre cylindre muni de lames, tourne tr\u00e8s rapidement et tend la peau.<\/div>\n<div class=\"descrizione descrizione6\">Sous-vide: Il s&rsquo;agit d&rsquo;une op\u00e9ration de lissage et de s\u00e9chage de la fleur. La peau est tendue c\u00f4t\u00e9 fleur sur une surface lisse et chauff\u00e9e pendant environ 5\/6 minutes et par l&rsquo;interm\u00e9diaire d&rsquo;une pompe, la surface cr\u00e9\u00e9e une d\u00e9presion sur la peau, aspire la vapeur d&rsquo;eau et l&rsquo;humidit\u00e9 se trouvant \u00e0 l&rsquo;int\u00e9rieur de la peau. A la fin du fa\u00e7onnage, la peau ne contiendra plus que 30\/35% d&rsquo;humidit\u00e9.<\/div>\n<div class=\"descrizione descrizione7\">S\u00e9chage: naturel \u00e0 l&rsquo;air libre ou par d&rsquo;autres m\u00e9thodes m\u00e9caniques pour \u00e9liminer l&rsquo;eau absorb\u00e9e par la peau.<\/div>\n<div class=\"descrizione descrizione9\">Conditionnement: apr\u00e8s le s\u00e9chage, le cuir doit se reposer pour stabiliser les produits absorb\u00e9s lors du retannage et pour lui conf\u00e9rer une r\u00e9hydratation naturelle.<\/div>\n<div class=\"descrizione descrizione10\">Palissonage: le palissonage est une op\u00e9ration m\u00e9canique servant \u00e0 \u00e9tirer violamment les fibres du cuir pour lui conf\u00e9rer souplesse et \u00e9lasticit\u00e9.<\/div>\n<p>[\/vc_column_text][\/vc_column][vc_column width=\u00a0\u00bb3\/4&Prime;][vc_gallery el_id=\u00a0\u00bbgallery-3&Prime; isotope_mode=\u00a0\u00bbfitRows\u00a0\u00bb medias=\u00a0\u00bb118601,118602,118603,118604,118605,118606,118607,118608,118609&Prime; gutter_size=\u00a0\u00bb3&Prime; media_items=\u00a0\u00bbmedia|lightbox|original\u00a0\u00bb screen_lg=\u00a0\u00bb1000&Prime; screen_md=\u00a0\u00bb600&Prime; screen_sm=\u00a0\u00bb480&Prime; images_size=\u00a0\u00bbsixteen-nine\u00a0\u00bb single_overlay_opacity=\u00a0\u00bb50&Prime; single_padding=\u00a0\u00bb2&Prime; lbox_skin=\u00a0\u00bbwhite\u00a0\u00bb uncode_shortcode_id=\u00a0\u00bb213463&Prime; el_class=\u00a0\u00bbgalleria3&Prime;][\/vc_column][\/vc_row][vc_row unlock_row_content=\u00a0\u00bbyes\u00a0\u00bb row_height_percent=\u00a0\u00bb0&Prime; override_padding=\u00a0\u00bbyes\u00a0\u00bb h_padding=\u00a0\u00bb2&Prime; top_padding=\u00a0\u00bb2&Prime; bottom_padding=\u00a0\u00bb2&Prime; overlay_alpha=\u00a0\u00bb50&Prime; gutter_size=\u00a0\u00bb6&Prime; column_width_percent=\u00a0\u00bb100&Prime; shift_y=\u00a0\u00bb0&Prime; z_index=\u00a0\u00bb0&Prime; uncode_shortcode_id=\u00a0\u00bb685962&Prime; el_class=\u00a0\u00bbsettimana settimana_4&Prime;][vc_column width=\u00a0\u00bb1\/4&Prime;][uncode_list uncode_shortcode_id=\u00a0\u00bb932905&Prime;]<\/p>\n<h3>QUATRIEME SEMAINE<\/h3>\n<ul>\n<li><a href=\"#\" data-gal=\"galleria4\" data-to=\"0\">finition<\/a><\/li>\n<li><a href=\"#\" data-gal=\"galleria4\" data-to=\"1\">impression<\/a><\/li>\n<li><a href=\"#\" data-gal=\"galleria4\" data-to=\"3\">essai de couleur<\/a><\/li>\n<li><a href=\"#\" data-gal=\"galleria4\" data-to=\"5\">tamponnage et pulv\u00e9risation<\/a><\/li>\n<li><a href=\"#\" data-gal=\"galleria4\" data-to=\"7\">lissage<\/a><\/li>\n<li><a href=\"#\" data-gal=\"galleria4\" data-to=\"8\">fixation<\/a><\/li>\n<li><a href=\"#\" data-gal=\"galleria4\" data-to=\"9\">\u00e9tirage<\/a><\/li>\n<li><a href=\"#\" data-gal=\"galleria4\" data-to=\"10\">peau finie magasin<\/a><\/li>\n<li><a href=\"#\" data-gal=\"galleria4\" data-to=\"11\">analyses et tests<\/a><\/li>\n<li><a href=\"#\" data-gal=\"galleria4\" data-to=\"13\">rognage et s\u00e9lection magasin<\/a><\/li>\n<li><a href=\"#\" data-gal=\"galleria4\" data-to=\"15\">mesurage magasin<\/a><\/li>\n<li><a href=\"#\" data-gal=\"galleria4\" data-to=\"16\">cuir pr\u00eat pour l&rsquo;exp\u00e9dition<\/a><\/li>\n<\/ul>\n<p>[\/uncode_list][vc_column_text uncode_shortcode_id=\u00a0\u00bb726491&Prime;]<\/p>\n<div class=\"descrizione descrizione0\">Finition: la finition comprend toute une s\u00e9rie d&rsquo;op\u00e9rations qui sont effectu\u00e9es sur le cuir sec afin d&rsquo;am\u00e9liorer ses caract\u00e9ristiques, selon l&rsquo;aspect et les caract\u00e9ristiques souhait\u00e9es.<br \/>\nCette phase permet par ailleurs de prot\u00e9ger la surface externe du cuir par l&rsquo;action d&rsquo;agents externes.<\/div>\n<div class=\"descrizione descrizione1\">Impression: Pour les imitations cocrodile, reptile, poisson et motifs divers, le cuir subit diff\u00e9rents traitements tels que: impression, tamponnage, \u00e9raflures, coloration s\u00e9rigraphi\u00e9e, corrosions laser, etc&#8230;<\/div>\n<div class=\"descrizione descrizione5\">Tamponnage et pulv\u00e9risation: La finition comprend plusieurs passages sur une machine de pulv\u00e9risation dot\u00e9e de pistolets qui pulv\u00e9risent des produits chimiques liquides sur le cuir.<\/div>\n<div class=\"descrizione descrizione7\">Lissage: De nombreuses machines servent \u00e0 donner diff\u00e9rents aspects au cuir tel que : l&rsquo;imprimante, la pon\u00e7euse, l&rsquo;\u00e9tireuse, la lisseuse, la gauffreuse, la vernisseuse, la machine \u00e0 enduire, diff\u00e9rents types de lisseuses et bien d&rsquo;autres encore pour offrir un aspect visuel tactile.<\/div>\n<div class=\"descrizione descrizione8\">Fixation: Les phases de finition pour un cuir \u201flisse\u201d sont: la teinture, lissage\/\u00e9tirage, couverture, fixation, \u00e9tirage.<\/div>\n<div class=\"descrizione descrizione9\">Etirage: le film cr\u00e9\u00e9 sur la surface du cuir subira d&rsquo;autres traitements de lissage \u00e0 l&rsquo;aide de diff\u00e9rentes machines pour donner au cuir son look final.<\/div>\n<div class=\"descrizione descrizione11\">Analyses et Tests: de nombreuses analyses doivent \u00eatre effectu\u00e9es sur chaque type de produit fini. Chacun d&rsquo;entre eux doit respecter des condtions particuli\u00e8res. Parfois, pour des demandes d&rsquo;aspect final particuli\u00e8res, certaines valeurs\/donn\u00e9es de r\u00e9sistances minimums n\u00e9cessaires ne sont pas effectu\u00e9es.<\/div>\n<div class=\"descrizione descrizione15\">Mesurage magasin: le mesurage est effectu\u00e9 sur une machine qui calcule la surface du cuir en m\u00e8tres carr\u00e9s (M2) ou en Pieds carr\u00e9s (Pq).<br \/>\nLe pied carr\u00e9 se r\u00e9f\u00e8re au pied anglais de 30,48 x 30,48 cm= 929,03 cm2, il faut en effet 10.764 Pq pour un M2 de cuir.<\/div>\n<p>[\/vc_column_text][\/vc_column][vc_column width=\u00a0\u00bb3\/4&Prime;][vc_gallery el_id=\u00a0\u00bbgallery-4&Prime; isotope_mode=\u00a0\u00bbfitRows\u00a0\u00bb medias=\u00a0\u00bb118610,118611,118612,118613,118614,118615,118616,118617,118618,118619,118620,118621&Prime; gutter_size=\u00a0\u00bb3&Prime; media_items=\u00a0\u00bbmedia|lightbox|original\u00a0\u00bb screen_lg=\u00a0\u00bb1000&Prime; screen_md=\u00a0\u00bb600&Prime; screen_sm=\u00a0\u00bb480&Prime; images_size=\u00a0\u00bbsixteen-nine\u00a0\u00bb single_overlay_opacity=\u00a0\u00bb50&Prime; single_padding=\u00a0\u00bb2&Prime; lbox_skin=\u00a0\u00bbwhite\u00a0\u00bb uncode_shortcode_id=\u00a0\u00bb123756&Prime; el_class=\u00a0\u00bbgalleria4&Prime;][\/vc_column][\/vc_row][vc_row][vc_column width=\u00a0\u00bb1\/1&Prime;][vc_empty_space empty_h=\u00a0\u00bb2&Prime;][\/vc_column][\/vc_row]<\/p>\n","protected":false},"excerpt":{"rendered":"<p>[vc_row unlock_row_content=\u00a0\u00bbyes\u00a0\u00bb row_height_percent=\u00a0\u00bb0&Prime; override_padding=\u00a0\u00bbyes\u00a0\u00bb h_padding=\u00a0\u00bb2&Prime; top_padding=\u00a0\u00bb2&Prime; bottom_padding=\u00a0\u00bb2&Prime; overlay_alpha=\u00a0\u00bb50&Prime; gutter_size=\u00a0\u00bb3&Prime; column_width_percent=\u00a0\u00bb100&Prime; shift_y=\u00a0\u00bb0&Prime; z_index=\u00a0\u00bb0&Prime; uncode_shortcode_id=\u00a0\u00bb612447&Prime;][vc_column width=\u00a0\u00bb1\/1&Prime;][vc_single_image media=\u00a0\u00bb118179&Prime; media_width_percent=\u00a0\u00bb100&Prime; alignment=\u00a0\u00bbcenter\u00a0\u00bb uncode_shortcode_id=\u00a0\u00bb204579&Prime;][\/vc_column][\/vc_row][vc_row][vc_column column_width_percent=\u00a0\u00bb100&Prime; align_horizontal=\u00a0\u00bbalign_center\u00a0\u00bb [&hellip;]<\/p>\n","protected":false},"author":2,"featured_media":0,"parent":0,"menu_order":4,"comment_status":"closed","ping_status":"closed","template":"","meta":{"footnotes":""},"_links":{"self":[{"href":"https:\/\/www.conceriaondaverde.it\/fr\/wp-json\/wp\/v2\/pages\/119975"}],"collection":[{"href":"https:\/\/www.conceriaondaverde.it\/fr\/wp-json\/wp\/v2\/pages"}],"about":[{"href":"https:\/\/www.conceriaondaverde.it\/fr\/wp-json\/wp\/v2\/types\/page"}],"author":[{"embeddable":true,"href":"https:\/\/www.conceriaondaverde.it\/fr\/wp-json\/wp\/v2\/users\/2"}],"replies":[{"embeddable":true,"href":"https:\/\/www.conceriaondaverde.it\/fr\/wp-json\/wp\/v2\/comments?post=119975"}],"version-history":[{"count":5,"href":"https:\/\/www.conceriaondaverde.it\/fr\/wp-json\/wp\/v2\/pages\/119975\/revisions"}],"predecessor-version":[{"id":119980,"href":"https:\/\/www.conceriaondaverde.it\/fr\/wp-json\/wp\/v2\/pages\/119975\/revisions\/119980"}],"wp:attachment":[{"href":"https:\/\/www.conceriaondaverde.it\/fr\/wp-json\/wp\/v2\/media?parent=119975"}],"curies":[{"name":"wp","href":"https:\/\/api.w.org\/{rel}","templated":true}]}}