{"id":119963,"date":"2023-10-25T18:26:38","date_gmt":"2023-10-25T16:26:38","guid":{"rendered":"https:\/\/www.conceriaondaverde.it\/production\/"},"modified":"2023-11-13T16:46:17","modified_gmt":"2023-11-13T15:46:17","slug":"production","status":"publish","type":"page","link":"https:\/\/www.conceriaondaverde.it\/fr\/production\/","title":{"rendered":"Production"},"content":{"rendered":"<p>[vc_row row_height_percent=\u00a0\u00bb70&Prime; override_padding=\u00a0\u00bbyes\u00a0\u00bb h_padding=\u00a0\u00bb0&Prime; top_padding=\u00a0\u00bb2&Prime; bottom_padding=\u00a0\u00bb2&Prime; overlay_alpha=\u00a0\u00bb50&Prime; equal_height=\u00a0\u00bbyes\u00a0\u00bb gutter_size=\u00a0\u00bb3&Prime; column_width_use_pixel=\u00a0\u00bbyes\u00a0\u00bb shift_y=\u00a0\u00bb0&Prime; z_index=\u00a0\u00bb0&Prime; uncode_shortcode_id=\u00a0\u00bb187652&Prime; row_height_pixel=\u00a0\u00bb550&Prime; column_width_pixel=\u00a0\u00bb600&Prime;][vc_column column_width_percent=\u00a0\u00bb100&Prime; position_vertical=\u00a0\u00bbmiddle\u00a0\u00bb align_horizontal=\u00a0\u00bbalign_center\u00a0\u00bb gutter_size=\u00a0\u00bb3&Prime; override_padding=\u00a0\u00bbyes\u00a0\u00bb column_padding=\u00a0\u00bb2&Prime; back_image=\u00a0\u00bb118165&Prime; overlay_alpha=\u00a0\u00bb50&Prime; shift_x=\u00a0\u00bb0&Prime; shift_y=\u00a0\u00bb0&Prime; shift_y_down=\u00a0\u00bb0&Prime; z_index=\u00a0\u00bb0&Prime; medium_width=\u00a0\u00bb0&Prime; mobile_width=\u00a0\u00bb0&Prime; width=\u00a0\u00bb1\/1&Prime; uncode_shortcode_id=\u00a0\u00bb831618&Prime;][vc_custom_heading heading_semantic=\u00a0\u00bbh1&Prime; text_size=\u00a0\u00bbh1&Prime; uncode_shortcode_id=\u00a0\u00bb163642&Prime;]PRODUCTION[\/vc_custom_heading][\/vc_column][\/vc_row][vc_row unlock_row_content=\u00a0\u00bbyes\u00a0\u00bb row_height_percent=\u00a0\u00bb0&Prime; override_padding=\u00a0\u00bbyes\u00a0\u00bb h_padding=\u00a0\u00bb5&Prime; top_padding=\u00a0\u00bb2&Prime; bottom_padding=\u00a0\u00bb2&Prime; overlay_alpha=\u00a0\u00bb50&Prime; gutter_size=\u00a0\u00bb3&Prime; column_width_percent=\u00a0\u00bb100&Prime; shift_y=\u00a0\u00bb0&Prime; z_index=\u00a0\u00bb0&Prime; uncode_shortcode_id=\u00a0\u00bb102250&Prime;][vc_column column_width_percent=\u00a0\u00bb100&Prime; align_horizontal=\u00a0\u00bbalign_center\u00a0\u00bb gutter_size=\u00a0\u00bb3&Prime; overlay_alpha=\u00a0\u00bb50&Prime; shift_x=\u00a0\u00bb0&Prime; shift_y=\u00a0\u00bb0&Prime; shift_y_down=\u00a0\u00bb0&Prime; z_index=\u00a0\u00bb0&Prime; medium_width=\u00a0\u00bb0&Prime; mobile_width=\u00a0\u00bb0&Prime; width=\u00a0\u00bb1\/3&Prime; uncode_shortcode_id=\u00a0\u00bb185660&Prime;][vc_single_image media=\u00a0\u00bb118171&Prime; media_width_percent=\u00a0\u00bb100&Prime; uncode_shortcode_id=\u00a0\u00bb774133&Prime;][vc_column_text uncode_shortcode_id=\u00a0\u00bb146684&Prime;]<strong>DEMI-VEAU<\/strong><br \/>\nLe demi-veau est la moiti\u00e9 d&rsquo;une \u00e9paule enti\u00e8re brute. Elle est obtenue en coupant en deux la peau le long de la colonne vert\u00e9brale. Elle est g\u00e9n\u00e9ralement utilis\u00e9e pour la production de sacs, de chaussures et de ceintures.[\/vc_column_text][\/vc_column][vc_column column_width_percent=\u00a0\u00bb100&Prime; align_horizontal=\u00a0\u00bbalign_center\u00a0\u00bb gutter_size=\u00a0\u00bb3&Prime; overlay_alpha=\u00a0\u00bb50&Prime; shift_x=\u00a0\u00bb0&Prime; shift_y=\u00a0\u00bb0&Prime; shift_y_down=\u00a0\u00bb0&Prime; z_index=\u00a0\u00bb0&Prime; medium_width=\u00a0\u00bb0&Prime; mobile_width=\u00a0\u00bb0&Prime; width=\u00a0\u00bb1\/3&Prime; uncode_shortcode_id=\u00a0\u00bb420650&Prime;][vc_single_image media=\u00a0\u00bb118172&Prime; media_width_percent=\u00a0\u00bb100&Prime; uncode_shortcode_id=\u00a0\u00bb267663&Prime;][vc_column_text uncode_shortcode_id=\u00a0\u00bb112670&Prime;]<strong>DEVANT<\/strong><br \/>\npartie ant\u00e9rieure de peau de bovin brute ou de cheval, qui comprend les \u00e9paules et les pattes ant\u00e9rieures. Cette peau servira pour la production de sacs et pour les articles de maroquinerie.<\/p>\n<p><strong>CUL\u00c9E<\/strong><br \/>\npartie post\u00e9rieure de cuir bovin comprenant la croupe, les morceaux de la poitrine et les pattes post\u00e9rieures. Elle sera utilis\u00e9e pour la production de chaussures et de ceintures.[\/vc_column_text][\/vc_column][vc_column column_width_percent=\u00a0\u00bb100&Prime; align_horizontal=\u00a0\u00bbalign_center\u00a0\u00bb gutter_size=\u00a0\u00bb3&Prime; overlay_alpha=\u00a0\u00bb50&Prime; shift_x=\u00a0\u00bb0&Prime; shift_y=\u00a0\u00bb0&Prime; shift_y_down=\u00a0\u00bb0&Prime; z_index=\u00a0\u00bb0&Prime; medium_width=\u00a0\u00bb0&Prime; mobile_width=\u00a0\u00bb0&Prime; width=\u00a0\u00bb1\/3&Prime; uncode_shortcode_id=\u00a0\u00bb970299&Prime;][vc_single_image media=\u00a0\u00bb118173&Prime; media_width_percent=\u00a0\u00bb100&Prime; uncode_shortcode_id=\u00a0\u00bb519365&Prime;][vc_column_text uncode_shortcode_id=\u00a0\u00bb593847&Prime;]<strong>\u00c9PAULE<\/strong><br \/>\npartie ant\u00e9rieur de la peau du bovin brute comprenant les \u00e9paules et le cou.<br \/>\nLe cuir provenant de l&rsquo;\u00e9paule sera principalement utilis\u00e9 pour la production d&rsquo;articles de maroquinerie.<\/p>\n<p><strong>FLANC<\/strong><br \/>\npartie lat\u00e9rale de la peau brute bovine comprenant la partie inf\u00e9rieure du corps et la partie sup\u00e9rieure des pattes.<br \/>\nElle est utilis\u00e9e, de par ses caract\u00e9ristiques, pour la production de petits articles de maroquinerie, pour les chaussures d&rsquo;enfants et les ceintures.<\/p>\n<p><strong>CROUPE<\/strong><br \/>\npartie centrale de la peau brute du bovin, except\u00e9 les flancs et les \u00e9paules. Il s&rsquo;agit d&rsquo;une partie de haute qualit\u00e9, tr\u00e8s compacte et homog\u00e8ne. On l&rsquo;utilise pour la production d&rsquo;articles de maroquinerie, pour l&rsquo;habillement, les empeignes mais surtout pour le cuir des semelles car il est extr\u00eamement compact.[\/vc_column_text][\/vc_column][\/vc_row][vc_row][vc_column width=\u00a0\u00bb1\/1&Prime;][vc_empty_space empty_h=\u00a0\u00bb2&Prime;][\/vc_column][\/vc_row]<\/p>\n","protected":false},"excerpt":{"rendered":"<p>[vc_row row_height_percent=\u00a0\u00bb70&Prime; override_padding=\u00a0\u00bbyes\u00a0\u00bb h_padding=\u00a0\u00bb0&Prime; top_padding=\u00a0\u00bb2&Prime; bottom_padding=\u00a0\u00bb2&Prime; overlay_alpha=\u00a0\u00bb50&Prime; equal_height=\u00a0\u00bbyes\u00a0\u00bb gutter_size=\u00a0\u00bb3&Prime; column_width_use_pixel=\u00a0\u00bbyes\u00a0\u00bb shift_y=\u00a0\u00bb0&Prime; z_index=\u00a0\u00bb0&Prime; uncode_shortcode_id=\u00a0\u00bb187652&Prime; row_height_pixel=\u00a0\u00bb550&Prime; column_width_pixel=\u00a0\u00bb600&Prime;][vc_column column_width_percent=\u00a0\u00bb100&Prime; position_vertical=\u00a0\u00bbmiddle\u00a0\u00bb align_horizontal=\u00a0\u00bbalign_center\u00a0\u00bb gutter_size=\u00a0\u00bb3&Prime; override_padding=\u00a0\u00bbyes\u00a0\u00bb [&hellip;]<\/p>\n","protected":false},"author":2,"featured_media":0,"parent":0,"menu_order":3,"comment_status":"closed","ping_status":"closed","template":"","meta":{"footnotes":""},"_links":{"self":[{"href":"https:\/\/www.conceriaondaverde.it\/fr\/wp-json\/wp\/v2\/pages\/119963"}],"collection":[{"href":"https:\/\/www.conceriaondaverde.it\/fr\/wp-json\/wp\/v2\/pages"}],"about":[{"href":"https:\/\/www.conceriaondaverde.it\/fr\/wp-json\/wp\/v2\/types\/page"}],"author":[{"embeddable":true,"href":"https:\/\/www.conceriaondaverde.it\/fr\/wp-json\/wp\/v2\/users\/2"}],"replies":[{"embeddable":true,"href":"https:\/\/www.conceriaondaverde.it\/fr\/wp-json\/wp\/v2\/comments?post=119963"}],"version-history":[{"count":5,"href":"https:\/\/www.conceriaondaverde.it\/fr\/wp-json\/wp\/v2\/pages\/119963\/revisions"}],"predecessor-version":[{"id":119968,"href":"https:\/\/www.conceriaondaverde.it\/fr\/wp-json\/wp\/v2\/pages\/119963\/revisions\/119968"}],"wp:attachment":[{"href":"https:\/\/www.conceriaondaverde.it\/fr\/wp-json\/wp\/v2\/media?parent=119963"}],"curies":[{"name":"wp","href":"https:\/\/api.w.org\/{rel}","templated":true}]}}