{"id":119954,"date":"2023-10-25T11:49:58","date_gmt":"2023-10-25T09:49:58","guid":{"rendered":"https:\/\/www.conceriaondaverde.it\/certifications\/"},"modified":"2023-11-13T16:32:44","modified_gmt":"2023-11-13T15:32:44","slug":"certifications","status":"publish","type":"page","link":"https:\/\/www.conceriaondaverde.it\/fr\/certifications\/","title":{"rendered":"Certifications"},"content":{"rendered":"<p>[vc_row row_height_percent=\u00a0\u00bb0&Prime; override_padding=\u00a0\u00bbyes\u00a0\u00bb h_padding=\u00a0\u00bb0&Prime; top_padding=\u00a0\u00bb0&Prime; bottom_padding=\u00a0\u00bb2&Prime; overlay_alpha=\u00a0\u00bb50&Prime; gutter_size=\u00a0\u00bb3&Prime; column_width_use_pixel=\u00a0\u00bbyes\u00a0\u00bb shift_y=\u00a0\u00bb0&Prime; z_index=\u00a0\u00bb0&Prime; uncode_shortcode_id=\u00a0\u00bb191278&Prime; column_width_pixel=\u00a0\u00bb1000&Prime;][vc_column column_width_percent=\u00a0\u00bb100&Prime; align_horizontal=\u00a0\u00bbalign_center\u00a0\u00bb gutter_size=\u00a0\u00bb3&Prime; override_padding=\u00a0\u00bbyes\u00a0\u00bb column_padding=\u00a0\u00bb0&Prime; overlay_alpha=\u00a0\u00bb50&Prime; shift_x=\u00a0\u00bb0&Prime; shift_y=\u00a0\u00bb0&Prime; shift_y_down=\u00a0\u00bb0&Prime; z_index=\u00a0\u00bb0&Prime; medium_width=\u00a0\u00bb0&Prime; mobile_width=\u00a0\u00bb0&Prime; width=\u00a0\u00bb1\/1&Prime; uncode_shortcode_id=\u00a0\u00bb948694&Prime;][vc_single_image media=\u00a0\u00bb118558&Prime; media_width_percent=\u00a0\u00bb100&Prime; alignment=\u00a0\u00bbcenter\u00a0\u00bb uncode_shortcode_id=\u00a0\u00bb139003&Prime;][\/vc_column][\/vc_row][vc_row row_height_percent=\u00a0\u00bb0&Prime; override_padding=\u00a0\u00bbyes\u00a0\u00bb h_padding=\u00a0\u00bb2&Prime; top_padding=\u00a0\u00bb0&Prime; bottom_padding=\u00a0\u00bb0&Prime; overlay_alpha=\u00a0\u00bb50&Prime; gutter_size=\u00a0\u00bb3&Prime; column_width_percent=\u00a0\u00bb100&Prime; shift_y=\u00a0\u00bb0&Prime; z_index=\u00a0\u00bb0&Prime; uncode_shortcode_id=\u00a0\u00bb648964&Prime; shape_dividers=\u00a0\u00bb\u00a0\u00bb][vc_column width=\u00a0\u00bb1\/1&Prime;][vc_empty_space empty_h=\u00a0\u00bb2&Prime;][\/vc_column][\/vc_row][vc_row row_height_percent=\u00a0\u00bb0&Prime; override_padding=\u00a0\u00bbyes\u00a0\u00bb h_padding=\u00a0\u00bb2&Prime; top_padding=\u00a0\u00bb2&Prime; bottom_padding=\u00a0\u00bb2&Prime; overlay_alpha=\u00a0\u00bb50&Prime; gutter_size=\u00a0\u00bb3&Prime; column_width_percent=\u00a0\u00bb100&Prime; shift_y=\u00a0\u00bb0&Prime; z_index=\u00a0\u00bb0&Prime; uncode_shortcode_id=\u00a0\u00bb838100&Prime;][vc_column column_width_percent=\u00a0\u00bb100&Prime; position_vertical=\u00a0\u00bbmiddle\u00a0\u00bb align_horizontal=\u00a0\u00bbalign_center\u00a0\u00bb gutter_size=\u00a0\u00bb3&Prime; overlay_alpha=\u00a0\u00bb50&Prime; shift_x=\u00a0\u00bb0&Prime; shift_y=\u00a0\u00bb0&Prime; shift_y_down=\u00a0\u00bb0&Prime; z_index=\u00a0\u00bb0&Prime; medium_width=\u00a0\u00bb0&Prime; mobile_width=\u00a0\u00bb0&Prime; width=\u00a0\u00bb1\/1&Prime; uncode_shortcode_id=\u00a0\u00bb101108&Prime;][vc_row_inner row_inner_height_percent=\u00a0\u00bb0&Prime; overlay_alpha=\u00a0\u00bb50&Prime; gutter_size=\u00a0\u00bb0&Prime; shift_y=\u00a0\u00bb0&Prime; z_index=\u00a0\u00bb0&Prime; uncode_shortcode_id=\u00a0\u00bb192169&Prime;][vc_column_inner width=\u00a0\u00bb1\/4&Prime;][vc_single_image media=\u00a0\u00bb118159&Prime; media_width_percent=\u00a0\u00bb100&Prime; uncode_shortcode_id=\u00a0\u00bb143008&Prime; media_link=\u00a0\u00bburl:http%3A%2F%2Fwww.conceriaondaverde.it%2Fwp-content%2Fuploads%2F2023%2F10%2FOndaVerde_certif_TS410_vei.pdf|target:_blank\u00a0\u00bb][\/vc_column_inner][vc_column_inner width=\u00a0\u00bb1\/4&Prime;][vc_single_image media=\u00a0\u00bb118160&Prime; media_width_percent=\u00a0\u00bb100&Prime; uncode_shortcode_id=\u00a0\u00bb161489&Prime; media_link=\u00a0\u00bburl:http%3A%2F%2Fwww.conceriaondaverde.it%2Fwp-content%2Fuploads%2F2023%2F10%2FCertificato-Onda-Verde-Sistema-Ambientale-ICEC-ISO-14001.pdf|target:_blank\u00a0\u00bb][\/vc_column_inner][vc_column_inner width=\u00a0\u00bb1\/4&Prime;][vc_single_image media=\u00a0\u00bb118161&Prime; media_width_percent=\u00a0\u00bb100&Prime; uncode_shortcode_id=\u00a0\u00bb390057&Prime; media_link=\u00a0\u00bburl:http%3A%2F%2Fwww.conceriaondaverde.it%2Fwp-content%2Fuploads%2F2023%2F10%2FOnda_Verde_attestato_sostenibilita_aziendale.pdf|target:_blank\u00a0\u00bb][\/vc_column_inner][vc_column_inner width=\u00a0\u00bb1\/4&Prime;][vc_single_image media=\u00a0\u00bb118162&Prime; media_width_percent=\u00a0\u00bb100&Prime; uncode_shortcode_id=\u00a0\u00bb921111&Prime; media_link=\u00a0\u00bburl:http%3A%2F%2Fwww.conceriaondaverde.it%2Fwp-content%2Fuploads%2F2023%2F10%2FOnda_Verde_certif_Concessione.pdf|target:_blank\u00a0\u00bb][\/vc_column_inner][\/vc_row_inner][vc_column_text uncode_shortcode_id=\u00a0\u00bb111660&Prime;]<\/p>\n<p style=\"text-align: center;\"><strong>Elle a obtenu la certification UNI EN ISO 14001:2015 pour le syst\u00e8me de gestion environnementale en 2019.<\/strong><\/p>\n<p>[\/vc_column_text][vc_row_inner row_inner_height_percent=\u00a0\u00bb0&Prime; overlay_alpha=\u00a0\u00bb50&Prime; gutter_size=\u00a0\u00bb0&Prime; shift_y=\u00a0\u00bb0&Prime; z_index=\u00a0\u00bb0&Prime; uncode_shortcode_id=\u00a0\u00bb258014&Prime; el_class=\u00a0\u00bbcolonnecert\u00a0\u00bb][vc_column_inner width=\u00a0\u00bb1\/4&Prime;][vc_column_text uncode_shortcode_id=\u00a0\u00bb185861&Prime;]<\/p>\n<p style=\"text-align: center;\"><a href=\"https:\/\/www.conceriaondaverde.it\/wp-content\/uploads\/2023\/10\/OndaVerde_certif_TS410_vei.pdf\" target=\"_blank\" rel=\"noopener\"><strong>Certification de la tra\u00e7abilit\u00e9 des mati\u00e8res premi\u00e8res<\/strong><\/a><\/p>\n<p>[\/vc_column_text][\/vc_column_inner][vc_column_inner width=\u00a0\u00bb1\/4&Prime;][vc_column_text uncode_shortcode_id=\u00a0\u00bb148948&Prime;]<\/p>\n<p style=\"text-align: center;\"><a href=\"https:\/\/www.conceriaondaverde.it\/wp-content\/uploads\/2023\/10\/Certificato-Onda-Verde-Sistema-Ambientale-ICEC-ISO-14001.pdf\" target=\"_blank\" rel=\"noopener\"><strong>Certification du syst\u00e8me de management environnemental &#8211; ISO 14001<\/strong><\/a><\/p>\n<p>[\/vc_column_text][\/vc_column_inner][vc_column_inner width=\u00a0\u00bb1\/4&Prime;][vc_column_text uncode_shortcode_id=\u00a0\u00bb370548&Prime;]<\/p>\n<p style=\"text-align: center;\"><a href=\"https:\/\/www.conceriaondaverde.it\/wp-content\/uploads\/2023\/10\/Onda_Verde_attestato_sostenibilita_aziendale.pdf\" target=\"_blank\" rel=\"noopener\"><strong>ICEC &#8211; D\u00e9claration de durabilit\u00e9<\/strong><\/a><\/p>\n<p>[\/vc_column_text][\/vc_column_inner][vc_column_inner width=\u00a0\u00bb1\/4&Prime;][vc_column_text uncode_shortcode_id=\u00a0\u00bb172431&Prime;]<\/p>\n<p style=\"text-align: center;\"><a href=\"https:\/\/www.conceriaondaverde.it\/wp-content\/uploads\/2023\/10\/Onda_Verde_certif_Concessione.pdf\" target=\"_blank\" rel=\"noopener\"><strong>UNIC &#8211; attestation de responsabilit\u00e9 sociale<\/strong><\/a><\/p>\n<p>[\/vc_column_text][\/vc_column_inner][\/vc_row_inner][\/vc_column][\/vc_row][vc_row][vc_column width=\u00a0\u00bb1\/1&Prime;][vc_empty_space empty_h=\u00a0\u00bb2&Prime;][\/vc_column][\/vc_row]<\/p>\n","protected":false},"excerpt":{"rendered":"<p>[vc_row row_height_percent=\u00a0\u00bb0&Prime; override_padding=\u00a0\u00bbyes\u00a0\u00bb h_padding=\u00a0\u00bb0&Prime; top_padding=\u00a0\u00bb0&Prime; bottom_padding=\u00a0\u00bb2&Prime; overlay_alpha=\u00a0\u00bb50&Prime; gutter_size=\u00a0\u00bb3&Prime; column_width_use_pixel=\u00a0\u00bbyes\u00a0\u00bb shift_y=\u00a0\u00bb0&Prime; z_index=\u00a0\u00bb0&Prime; uncode_shortcode_id=\u00a0\u00bb191278&Prime; column_width_pixel=\u00a0\u00bb1000&Prime;][vc_column column_width_percent=\u00a0\u00bb100&Prime; align_horizontal=\u00a0\u00bbalign_center\u00a0\u00bb gutter_size=\u00a0\u00bb3&Prime; override_padding=\u00a0\u00bbyes\u00a0\u00bb column_padding=\u00a0\u00bb0&Prime; overlay_alpha=\u00a0\u00bb50&Prime; shift_x=\u00a0\u00bb0&Prime; [&hellip;]<\/p>\n","protected":false},"author":2,"featured_media":0,"parent":0,"menu_order":2,"comment_status":"closed","ping_status":"closed","template":"","meta":{"footnotes":""},"_links":{"self":[{"href":"https:\/\/www.conceriaondaverde.it\/fr\/wp-json\/wp\/v2\/pages\/119954"}],"collection":[{"href":"https:\/\/www.conceriaondaverde.it\/fr\/wp-json\/wp\/v2\/pages"}],"about":[{"href":"https:\/\/www.conceriaondaverde.it\/fr\/wp-json\/wp\/v2\/types\/page"}],"author":[{"embeddable":true,"href":"https:\/\/www.conceriaondaverde.it\/fr\/wp-json\/wp\/v2\/users\/2"}],"replies":[{"embeddable":true,"href":"https:\/\/www.conceriaondaverde.it\/fr\/wp-json\/wp\/v2\/comments?post=119954"}],"version-history":[{"count":5,"href":"https:\/\/www.conceriaondaverde.it\/fr\/wp-json\/wp\/v2\/pages\/119954\/revisions"}],"predecessor-version":[{"id":119959,"href":"https:\/\/www.conceriaondaverde.it\/fr\/wp-json\/wp\/v2\/pages\/119954\/revisions\/119959"}],"wp:attachment":[{"href":"https:\/\/www.conceriaondaverde.it\/fr\/wp-json\/wp\/v2\/media?parent=119954"}],"curies":[{"name":"wp","href":"https:\/\/api.w.org\/{rel}","templated":true}]}}