{"id":119942,"date":"2023-10-20T13:15:50","date_gmt":"2023-10-20T11:15:50","guid":{"rendered":"https:\/\/www.conceriaondaverde.it\/enterprise\/"},"modified":"2023-11-13T16:27:39","modified_gmt":"2023-11-13T15:27:39","slug":"enterprise","status":"publish","type":"page","link":"https:\/\/www.conceriaondaverde.it\/fr\/enterprise\/","title":{"rendered":"Enterprise"},"content":{"rendered":"<p>[vc_row row_height_percent=\u00a0\u00bb70&Prime; override_padding=\u00a0\u00bbyes\u00a0\u00bb h_padding=\u00a0\u00bb0&Prime; top_padding=\u00a0\u00bb2&Prime; bottom_padding=\u00a0\u00bb2&Prime; overlay_alpha=\u00a0\u00bb50&Prime; equal_height=\u00a0\u00bbyes\u00a0\u00bb gutter_size=\u00a0\u00bb3&Prime; column_width_use_pixel=\u00a0\u00bbyes\u00a0\u00bb shift_y=\u00a0\u00bb0&Prime; z_index=\u00a0\u00bb0&Prime; uncode_shortcode_id=\u00a0\u00bb706881&Prime; row_height_pixel=\u00a0\u00bb550&Prime; column_width_pixel=\u00a0\u00bb600&Prime;][vc_column column_width_percent=\u00a0\u00bb100&Prime; position_vertical=\u00a0\u00bbmiddle\u00a0\u00bb align_horizontal=\u00a0\u00bbalign_center\u00a0\u00bb gutter_size=\u00a0\u00bb3&Prime; override_padding=\u00a0\u00bbyes\u00a0\u00bb column_padding=\u00a0\u00bb2&Prime; back_image=\u00a0\u00bb118097&Prime; overlay_alpha=\u00a0\u00bb50&Prime; shift_x=\u00a0\u00bb0&Prime; shift_y=\u00a0\u00bb0&Prime; shift_y_down=\u00a0\u00bb0&Prime; z_index=\u00a0\u00bb0&Prime; medium_width=\u00a0\u00bb0&Prime; mobile_width=\u00a0\u00bb0&Prime; width=\u00a0\u00bb1\/1&Prime; uncode_shortcode_id=\u00a0\u00bb189853&Prime;][vc_custom_heading heading_semantic=\u00a0\u00bbh1&Prime; text_size=\u00a0\u00bbh1&Prime; uncode_shortcode_id=\u00a0\u00bb599368&Prime;]ENTERPRISE[\/vc_custom_heading][\/vc_column][\/vc_row][vc_row][vc_column column_width_percent=\u00a0\u00bb100&Prime; align_horizontal=\u00a0\u00bbalign_center\u00a0\u00bb gutter_size=\u00a0\u00bb3&Prime; overlay_alpha=\u00a0\u00bb50&Prime; shift_x=\u00a0\u00bb0&Prime; shift_y=\u00a0\u00bb0&Prime; shift_y_down=\u00a0\u00bb0&Prime; z_index=\u00a0\u00bb0&Prime; medium_width=\u00a0\u00bb0&Prime; mobile_width=\u00a0\u00bb0&Prime; width=\u00a0\u00bb1\/1&Prime; uncode_shortcode_id=\u00a0\u00bb415320&Prime;][vc_column_text uncode_shortcode_id=\u00a0\u00bb868986&Prime;]C&rsquo;est en 1955 que d\u00e9bute la construction en \u00ab\u00a0Briques apparentes\u00a0\u00bb, comme toutes les constructions de l&rsquo;\u00e9poque, de la Tannerie situ\u00e9e \u00e0 Ponte a Egola. Le d\u00e9but de l&rsquo;activit\u00e9, au c\u0153ur du district du cuir Toscan, remonte \u00e0 1958 avec la production de \u00ab\u00a0croupes\u00a0\u00bb (partie centrale de la peau du veau) tann\u00e9es dans une cuve sp\u00e9ciale pour cuirs de semelle, avec un marquage \u00ab\u00a03 Couronnes\u00a0\u00bb; Gastone Campinoti et Livio Matteoli sont les fondateurs de la tannerie.<br \/>\nEn 1970, le cycle de production s&rsquo;oriente vers le fa\u00e7onnage des flancs (bande lat\u00e9rale du veau) et le \u00ab\u00a0tannage au chrome\u00a0\u00bb. Le nom de l&rsquo;entreprise change alors pour devenir la Tannerie \u00ab\u00a0Onda Verde\u00a0\u00bb.<br \/>\nEn 1975 d\u00e9bute l&rsquo;expansion de la tannerie et deux ans plus tard, en 1977, la production change \u00e0 nouveau en s&rsquo;orientant cette fois vers le fa\u00e7onnage du veau entier. Des peaux provenant du Pakistan, Bangladesh et de Madras, des peaux n&rsquo;\u00e9tant pas de qualit\u00e9 tr\u00e8s \u00e9lev\u00e9es mais pr\u00e9cieuses, surtout si celles-ci sont fa\u00e7onn\u00e9es par retannage mixte et tamponn\u00e9es avec de l&rsquo;aniline. Cela \u00e0 permis d&rsquo;offrir pendant un certain temps une certaine transparence vive. Ce genre de fa\u00e7onnage fut compl\u00e8tement abandonn\u00e9 en 1989. Au d\u00e9but de l&rsquo;activit\u00e9 de la nouvelle structure, c&rsquo;est la production par cycle complet de la peau qui d\u00e9bute, c&rsquo;est-\u00e0-dire de la livraison de la peau avec les poils (brute) jusqu&rsquo;au produit fini. Il s&rsquo;agit donc de veaux provenant de la Suisse, France, et Nouvelle Z\u00e9lande et cette production repr\u00e9sente aujourd&rsquo;hui encore l&rsquo;activit\u00e9 principale de la tannerie qui a compl\u00e8tement abandonn\u00e9 les peaux asiatiques. Les peaux travaill\u00e9es par un proc\u00e9d\u00e9 de \u00ab\u00a0tannage mixte\u00a0\u00bb (caract\u00e9ristique du district des tanneries toscanes) constituent la mati\u00e8re premi\u00e8re privil\u00e9gi\u00e9e pour la production de sacs, de chaussures, de ceintures et de pattes boutonn\u00e9es de qualit\u00e9 \u00e9lev\u00e9e. La grande exp\u00e9rience acquise par la tannerie pour ce type de fa\u00e7onnage, lui permet de proposer un produit de qualit\u00e9 \u00e9lev\u00e9e, classique mais qui suit de fa\u00e7on constante toutes les \u00e9volutions que le monde de la mode imposent.<br \/>\nLe soin m\u00e9ticuleux apport\u00e9 \u00e0 chaque phase du fa\u00e7onnage, dans le respect absolu du temps n\u00e9cessaire pour chaque passage de tannage, a toujours \u00e9t\u00e9 la caract\u00e9ristique principale et ceci depuis la naissance de l&rsquo;entreprise. C&rsquo;est la seule fa\u00e7on pour offrir de fa\u00e7on constante un produit de tr\u00e8s grande qualit\u00e9.<br \/>\n<strong>Aujourd&rsquo;hui, la Tannerie Onda Verde est devenue une entreprise importante au sein du district des tanneries Toscanes. L&rsquo;entreprise a \u00e9norm\u00e9ment investi pour innover ses proc\u00e9d\u00e9s de production, pour la formation de ses salari\u00e9s, tout en restant attentive \u00e0 la durabilit\u00e9 et \u00e0 l&rsquo;\u00e9cologie.<\/strong>[\/vc_column_text][\/vc_column][\/vc_row][vc_row row_height_percent=\u00a0\u00bb0&Prime; override_padding=\u00a0\u00bbyes\u00a0\u00bb h_padding=\u00a0\u00bb5&Prime; top_padding=\u00a0\u00bb0&Prime; bottom_padding=\u00a0\u00bb2&Prime; overlay_alpha=\u00a0\u00bb50&Prime; gutter_size=\u00a0\u00bb3&Prime; column_width_percent=\u00a0\u00bb100&Prime; shift_y=\u00a0\u00bb0&Prime; z_index=\u00a0\u00bb0&Prime; uncode_shortcode_id=\u00a0\u00bb153232&Prime;][vc_column width=\u00a0\u00bb1\/1&Prime;][vc_single_image media=\u00a0\u00bb118556&Prime; media_width_percent=\u00a0\u00bb100&Prime; alignment=\u00a0\u00bbcenter\u00a0\u00bb uncode_shortcode_id=\u00a0\u00bb139973&Prime;][\/vc_column][\/vc_row][vc_row][vc_column column_width_percent=\u00a0\u00bb100&Prime; align_horizontal=\u00a0\u00bbalign_center\u00a0\u00bb gutter_size=\u00a0\u00bb3&Prime; overlay_alpha=\u00a0\u00bb50&Prime; shift_x=\u00a0\u00bb0&Prime; shift_y=\u00a0\u00bb0&Prime; shift_y_down=\u00a0\u00bb0&Prime; z_index=\u00a0\u00bb0&Prime; medium_width=\u00a0\u00bb0&Prime; mobile_width=\u00a0\u00bb0&Prime; width=\u00a0\u00bb1\/1&Prime; uncode_shortcode_id=\u00a0\u00bb415320&Prime;][vc_column_text uncode_shortcode_id=\u00a0\u00bb131419&Prime;]Les chiffres actuels de l&rsquo;entreprise sont importants: dix-huit salari\u00e9s hautement sp\u00e9cialis\u00e9s et une capacit\u00e9 de production mensuelle de 400.000 Pq.<br \/>\nIl s&rsquo;agit l\u00e0 d&rsquo;une \u00e9quipe dynamique et fiable qui sait r\u00e9pondre aux exigences du client final.<br \/>\nLe fondateur et propri\u00e9taire de la tannerie \u00ab\u00a0Onda Verde\u00a0\u00bb, M. Gastone Campinoti, travaille toujours \u00e0 la tannerie et son exp\u00e9rience, construite au cours du temps pass\u00e9 dans l&rsquo;entreprise repr\u00e9sente une v\u00e9ritable Bible de la peau.<br \/>\nLa Tannerie s&rsquo;\u00e9tend sur une surface d&rsquo;environ 3.500 m2 et elle se compose d&rsquo;un Magasin pour les peaux Brutes, d&rsquo;un d\u00e9partement Tannage, d&rsquo;un Magasin Crust (appel\u00e9 plus commun\u00e9ment \u00ab\u00a0terrasse\u00a0\u00bb), d&rsquo;un D\u00e9partement des Finitions et d&rsquo;un Magasin de Produits Finis sans oublier les Bureaux.<br \/>\nLa Tannerie prend en charge le cycle complet du fa\u00e7onnage de la peau, elle commence donc \u00e0 partir de la peau brute (poil) et termine le cycle pour obtenir un produit fini. Une production de produits finis en partant du Wet Blue (tannage chrome) sert \u00e9galement de support.<\/p>\n<p>La typologie du produit travaill\u00e9 est un demi-veau chrome par retannage mixte, c&rsquo;est-\u00e0-dire chrome et v\u00e9g\u00e9tal, lisse ou martel\u00e9, des micro-impressions et des imitations crocodile, de reptiles et de diff\u00e9rents motifs.<\/p>\n<p>Les principaux march\u00e9s sont l&rsquo;Italie, l&rsquo;Europe, l&rsquo;Asie et les \u00c9tats Unis. L&rsquo;entreprise participe aux plus importants salons internationaux du secteur du cuir.[\/vc_column_text][\/vc_column][\/vc_row][vc_row][vc_column column_width_percent=\u00a0\u00bb100&Prime; align_horizontal=\u00a0\u00bbalign_center\u00a0\u00bb gutter_size=\u00a0\u00bb3&Prime; overlay_alpha=\u00a0\u00bb50&Prime; shift_x=\u00a0\u00bb0&Prime; shift_y=\u00a0\u00bb0&Prime; shift_y_down=\u00a0\u00bb0&Prime; z_index=\u00a0\u00bb0&Prime; medium_width=\u00a0\u00bb0&Prime; mobile_width=\u00a0\u00bb0&Prime; width=\u00a0\u00bb1\/1&Prime; uncode_shortcode_id=\u00a0\u00bb415320&Prime;][vc_custom_heading uncode_shortcode_id=\u00a0\u00bb371555&Prime;]REMARQUE HISTORIQUE[\/vc_custom_heading][\/vc_column][\/vc_row][vc_row row_height_percent=\u00a0\u00bb0&Prime; override_padding=\u00a0\u00bbyes\u00a0\u00bb h_padding=\u00a0\u00bb7&Prime; top_padding=\u00a0\u00bb0&Prime; bottom_padding=\u00a0\u00bb0&Prime; overlay_alpha=\u00a0\u00bb50&Prime; gutter_size=\u00a0\u00bb3&Prime; column_width_percent=\u00a0\u00bb100&Prime; shift_y=\u00a0\u00bb0&Prime; z_index=\u00a0\u00bb0&Prime; uncode_shortcode_id=\u00a0\u00bb329281&Prime;][vc_column width=\u00a0\u00bb1\/1&Prime;][vc_single_image media=\u00a0\u00bb118122&Prime; media_width_use_pixel=\u00a0\u00bbyes\u00a0\u00bb alignment=\u00a0\u00bbcenter\u00a0\u00bb uncode_shortcode_id=\u00a0\u00bb201733&Prime; media_width_pixel=\u00a0\u00bb450&Prime;][\/vc_column][\/vc_row][vc_row][vc_column column_width_percent=\u00a0\u00bb100&Prime; align_horizontal=\u00a0\u00bbalign_center\u00a0\u00bb gutter_size=\u00a0\u00bb3&Prime; overlay_alpha=\u00a0\u00bb50&Prime; shift_x=\u00a0\u00bb0&Prime; shift_y=\u00a0\u00bb0&Prime; shift_y_down=\u00a0\u00bb0&Prime; z_index=\u00a0\u00bb0&Prime; medium_width=\u00a0\u00bb0&Prime; mobile_width=\u00a0\u00bb0&Prime; width=\u00a0\u00bb1\/1&Prime; uncode_shortcode_id=\u00a0\u00bb415320&Prime;][vc_column_text uncode_shortcode_id=\u00a0\u00bb136578&Prime;]L&rsquo;image miraculeuse de la SAINTE VIERGE fut peinte au XIVe si\u00e8cle sur le mur d&rsquo;une cuve des tanneurs de peaux appel\u00e9 Pelain.<br \/>\nAu cours de la semaine sainte de 1484, c&rsquo;est devant ce doux visage que de nombreux miracles et pr\u00e9sages commenc\u00e8rent \u00e0 se manifester et tout le monde acclama la<br \/>\nMADONNE DES GR\u00c2CES.<br \/>\nL&rsquo;\u00e9glise, un chef d&rsquo;\u0153uvre de la renaissance de FRANCESCO DI GIORGIO MARTINI fut commenc\u00e9e le 6 juin 1485, elle fut consacr\u00e9e le 17 octobre 1604, et \u00e0 l&rsquo;occasion de la f\u00eate de l&rsquo;Annonciation de 1985, elle fut d\u00e9clar\u00e9e Sanctuaire Mariano. La madone se trouve \u00e0 Cortona dans la localit\u00e9 de Calcinaio, province d&rsquo;Arezzo.[\/vc_column_text][\/vc_column][\/vc_row][vc_row][vc_column width=\u00a0\u00bb1\/1&Prime;][vc_empty_space empty_h=\u00a0\u00bb2&Prime;][\/vc_column][\/vc_row]<\/p>\n","protected":false},"excerpt":{"rendered":"<p>[vc_row row_height_percent=\u00a0\u00bb70&Prime; override_padding=\u00a0\u00bbyes\u00a0\u00bb h_padding=\u00a0\u00bb0&Prime; top_padding=\u00a0\u00bb2&Prime; bottom_padding=\u00a0\u00bb2&Prime; overlay_alpha=\u00a0\u00bb50&Prime; equal_height=\u00a0\u00bbyes\u00a0\u00bb gutter_size=\u00a0\u00bb3&Prime; column_width_use_pixel=\u00a0\u00bbyes\u00a0\u00bb shift_y=\u00a0\u00bb0&Prime; z_index=\u00a0\u00bb0&Prime; uncode_shortcode_id=\u00a0\u00bb706881&Prime; row_height_pixel=\u00a0\u00bb550&Prime; column_width_pixel=\u00a0\u00bb600&Prime;][vc_column column_width_percent=\u00a0\u00bb100&Prime; position_vertical=\u00a0\u00bbmiddle\u00a0\u00bb align_horizontal=\u00a0\u00bbalign_center\u00a0\u00bb gutter_size=\u00a0\u00bb3&Prime; override_padding=\u00a0\u00bbyes\u00a0\u00bb [&hellip;]<\/p>\n","protected":false},"author":2,"featured_media":0,"parent":0,"menu_order":1,"comment_status":"closed","ping_status":"closed","template":"","meta":{"footnotes":""},"_links":{"self":[{"href":"https:\/\/www.conceriaondaverde.it\/fr\/wp-json\/wp\/v2\/pages\/119942"}],"collection":[{"href":"https:\/\/www.conceriaondaverde.it\/fr\/wp-json\/wp\/v2\/pages"}],"about":[{"href":"https:\/\/www.conceriaondaverde.it\/fr\/wp-json\/wp\/v2\/types\/page"}],"author":[{"embeddable":true,"href":"https:\/\/www.conceriaondaverde.it\/fr\/wp-json\/wp\/v2\/users\/2"}],"replies":[{"embeddable":true,"href":"https:\/\/www.conceriaondaverde.it\/fr\/wp-json\/wp\/v2\/comments?post=119942"}],"version-history":[{"count":5,"href":"https:\/\/www.conceriaondaverde.it\/fr\/wp-json\/wp\/v2\/pages\/119942\/revisions"}],"predecessor-version":[{"id":119947,"href":"https:\/\/www.conceriaondaverde.it\/fr\/wp-json\/wp\/v2\/pages\/119942\/revisions\/119947"}],"wp:attachment":[{"href":"https:\/\/www.conceriaondaverde.it\/fr\/wp-json\/wp\/v2\/media?parent=119942"}],"curies":[{"name":"wp","href":"https:\/\/api.w.org\/{rel}","templated":true}]}}